{"id":54,"date":"2019-11-11T08:36:48","date_gmt":"2019-11-11T08:36:48","guid":{"rendered":"https:\/\/sespai.com\/?page_id=54"},"modified":"2026-02-26T13:31:31","modified_gmt":"2026-02-26T13:31:31","slug":"inicio","status":"publish","type":"page","link":"https:\/\/sespai.com\/ca\/","title":{"rendered":"Inicio"},"content":{"rendered":"\n<div class=\"gb-element-01fe5111\">\n<div class=\"gb-element-5aee1b46\">\n<div class=\"gb-element-a77bbf59\">\n<div class=\"gb-text h2titlein div-nums gb-text-0f6d8907\">01<\/div>\n\n\n\n<p>Especialitzats<\/p>\n<\/div>\n\n\n\n<div class=\"gb-element-3411dbab\">\n<div class=\"h2titlein\">\n<h2 class=\"gb-text h2titlein\">Actius Hotelers i desenvolupaments Off-Market<\/h2>\n<\/div>\n\n\n\n<div class=\"gb-element-c95d63a6\">\n<div class=\"gb-element-d8754283\">\n<p>Firma especialitzada en la venda i intermediaci\u00f3 d\u2019actius hotelers, s\u00f2l i desenvolupaments immobiliaris a Europa. <\/p>\n<\/div>\n\n\n\n<div class=\"gb-element-1bdfd47b\">\n<p>Treballem sota acord de confidencialitat (NDA) i estructurem l\u2019operaci\u00f3 fins al tancament.<\/p>\n<\/div>\n<\/div>\n<\/div>\n<\/div>\n\n\n\n<div class=\"gb-element-196c7ca3\"><\/div>\n<\/div>\n\n\n\n<div class=\"gb-element-e5107110\">\n<div class=\"gb-element-391d785b\">\n<div class=\"gb-element-b3a3706e\">\n<div class=\"h2titlein gb-element-e41b2465\">\n<h2 class=\"gb-text h2titlein\">Operacions<br>destacades<\/h2>\n<\/div>\n<\/div>\n\n\n\n<div class=\"gb-element-d9b4a865\">\n<p>Experi\u00e8ncia<\/p>\n\n\n\n<div class=\"gb-text h2titlein div-nums gb-text-840d6b79\">02<\/div>\n<\/div>\n\n\n\n<div class=\"gb-element-f3bb130a\">\n<div class=\"gb-element-86bf1d88\">\n<div class=\"gb-element-28e9a464\">\n<h3 class=\"wp-block-heading\">Desenvolupament residencial<\/h3>\n\n\n\n<p> Europa Central \u2013 60 unitats<\/p>\n<\/div>\n\n\n\n<div class=\"gb-element-c1f665ce\">\n<h3 class=\"wp-block-heading\">Hotel urb\u00e0 4 estrelles <\/h3>\n\n\n\n<p>Capital europea \u2013 100+ habitacions<\/p>\n<\/div>\n\n\n\n<div class=\"gb-element-d8bce2d3\">\n<h3 class=\"wp-block-heading\">Portfolio hoteler<\/h3>\n\n\n\n<p>Mediterrani \u2013 Off-Market<\/p>\n<\/div>\n\n\n\n<div class=\"gb-element-3cc76cfe\">\n<h3 class=\"wp-block-heading\">S\u00f2l mixt<\/h3>\n\n\n\n<p>Inversor privat internacional<\/p>\n<\/div>\n<\/div>\n<\/div>\n<\/div>\n<\/div>\n\n\n\n<div class=\"gb-element-60f97cbf\">\n<div class=\"white gb-element-ad658286\">\n<div class=\"gb-element-ec57ddca\">\n<div class=\"gb-text h2titlein div-nums gb-text-de84f800\">03<\/div>\n\n\n\n<p>Confidencialitat<\/p>\n<\/div>\n\n\n\n<div class=\"gb-element-231d41bd\">\n<div class=\"h2titlein\">\n<h2 class=\"gb-text h2titlein gb-text-6197124f\">Privat i confidencialitat<\/h2>\n<\/div>\n\n\n\n<div class=\"gb-element-4ffa2a63\">\n<div class=\"gb-element-053d81da\">\n<p>No totes les oportunitats es publiquen obertament.<br>    <\/p>\n<\/div>\n\n\n\n<div class=\"gb-element-9dcce9d2\">\n<p>L\u2019acc\u00e9s a informaci\u00f3 detallada es facilita exclusivament a inversors qualificats pr\u00e8via signatura d\u2019NDA.<\/p>\n<\/div>\n<\/div>\n<\/div>\n<\/div>\n<\/div>\n\n\n\n<div class=\"gb-element-a77f985c\">\n<div class=\"gb-element-bfcbd9e5\">\n<div class=\"gb-element-fe6851be\">\n<div class=\"gb-element-dc344d1e\">\n<p class=\"has-text-align-center has-base-3-color has-text-color has-link-color has-large-font-size wp-elements-061f0a367f19df52d29cb97ae6d2a647\">\u00c0rea privada de clients<\/p>\n\n\n\n<div class=\"wp-block-buttons has-custom-font-size has-medium-font-size is-content-justification-center is-layout-flex wp-container-core-buttons-is-layout-16018d1d wp-block-buttons-is-layout-flex\">\n<div class=\"wp-block-button\"><a class=\"wp-block-button__link wp-element-button\" href=\"https:\/\/node.sespai.com\/web\/login\" style=\"border-top-left-radius:3px;border-top-right-radius:3px;border-bottom-left-radius:3px;border-bottom-right-radius:3px\" target=\"_blank\" rel=\"noreferrer noopener\">Acc\u00e9s inversors<\/a><\/div>\n<\/div>\n<\/div>\n<\/div>\n<\/div>\n<\/div>\n","protected":false},"excerpt":{"rendered":"<p>01 Especialitzats Actius Hotelers i desenvolupaments Off-Market Firma especialitzada en la venda i intermediaci\u00f3 d\u2019actius hotelers, s\u00f2l i desenvolupaments immobiliaris a Europa. Treballem sota acord de confidencialitat (NDA) i estructurem l\u2019operaci\u00f3 fins al tancament. Operacionsdestacades Experi\u00e8ncia 02 Desenvolupament residencial Europa Central \u2013 60 unitats Hotel urb\u00e0 4 estrelles Capital europea \u2013 100+ habitacions Portfolio hoteler &#8230; <a title=\"Inicio\" class=\"read-more\" href=\"https:\/\/sespai.com\/ca\/\" aria-label=\"M\u00e9s informaci\u00f3 sobre Inicio\">Read more<\/a><\/p>\n","protected":false},"author":1,"featured_media":0,"parent":0,"menu_order":0,"comment_status":"closed","ping_status":"closed","template":"","meta":{"footnotes":""},"class_list":["post-54","page","type-page","status-publish"],"_links":{"self":[{"href":"https:\/\/sespai.com\/ca\/wp-json\/wp\/v2\/pages\/54","targetHints":{"allow":["GET"]}}],"collection":[{"href":"https:\/\/sespai.com\/ca\/wp-json\/wp\/v2\/pages"}],"about":[{"href":"https:\/\/sespai.com\/ca\/wp-json\/wp\/v2\/types\/page"}],"author":[{"embeddable":true,"href":"https:\/\/sespai.com\/ca\/wp-json\/wp\/v2\/users\/1"}],"replies":[{"embeddable":true,"href":"https:\/\/sespai.com\/ca\/wp-json\/wp\/v2\/comments?post=54"}],"version-history":[{"count":130,"href":"https:\/\/sespai.com\/ca\/wp-json\/wp\/v2\/pages\/54\/revisions"}],"predecessor-version":[{"id":710,"href":"https:\/\/sespai.com\/ca\/wp-json\/wp\/v2\/pages\/54\/revisions\/710"}],"wp:attachment":[{"href":"https:\/\/sespai.com\/ca\/wp-json\/wp\/v2\/media?parent=54"}],"curies":[{"name":"wp","href":"https:\/\/api.w.org\/{rel}","templated":true}]}}