{"id":3,"date":"2019-10-16T14:13:33","date_gmt":"2019-10-16T14:13:33","guid":{"rendered":"https:\/\/sespai.com\/?page_id=3"},"modified":"2026-03-18T12:56:47","modified_gmt":"2026-03-18T12:56:47","slug":"politica-de-privacidad","status":"publish","type":"page","link":"https:\/\/sespai.com\/ca\/politica-de-privacidad\/","title":{"rendered":"Pol\u00edtica de privacidad"},"content":{"rendered":"\n<div class=\"gb-element-47a57098\">\n<h1 class=\"wp-block-heading\">Pol\u00edtica de privacitat<\/h1>\n\n\n\n<p id=\"block-60783b94-ee89-4152-8e72-d5a38eda78fd\">La seva privadesa i seguretat s\u00f3n importants per a nosaltres. A continuaci\u00f3 us expliquem quines dades personals recopilem dels nostres usuaris i com les utilitzem. Cal advertir que aquesta Pol\u00edtica de Privadesa podria variar en funci\u00f3 d&#8217;exig\u00e8ncies legislatives o d&#8217;autoregulaci\u00f3, per la qual cosa s&#8217;aconsella als usuaris que la visitin peri\u00f2dicament<\/p>\n\n\n\n<p id=\"block-07f5db0e-800a-41c8-99d1-651dcdcc8739\">Qui \u00e9s el responsable del tractament de les vostres dades?<br>L&#8217;empresa SESPAI amb adre\u00e7a a Pg Merla 31 local de Sant Cugat del Vall\u00e8s CP 08197 Prov\u00edncia de Barcelona i tel\u00e8fon 63937468 us informa que les dades de car\u00e0cter personal que ens proporcioneu seran tractades conforme al Reglament 2016\/679 del Parlament Europeu i del Consell de 27 d&#8217;abril de 2016.<\/p>\n\n\n\n<p id=\"block-137f06c6-f355-43ef-b84f-90a55418f818\">Per al tractament de dades dels nostres usuaris implementem totes les mesures t\u00e8cniques i organitzatives de seguretat establertes a la legislaci\u00f3 vigent.<\/p>\n\n\n\n<p id=\"block-96aeb83f-139d-4090-ae97-dbceb2be995e\">Amb quines finalitats tractarem les vostres dades?<br>Les dades personals seran tractades amb la finalitat de gestionar tots els aspectes de la relaci\u00f3 mercantil\/contractual establerta entre les parts. La base jur\u00eddica per als tractaments de dades esmentats \u00e9s l&#8217;execuci\u00f3 del contracte o de la relaci\u00f3 existent entre les parts.<\/p>\n\n\n\n<p id=\"block-46255684-d335-4b17-8109-52afe4504329\">Aix\u00ed mateix, les vostres dades podran ser tractades amb la finalitat de remetre-li, per qualsevol mitj\u00e0 incloent l&#8217;electr\u00f2nic, informaci\u00f3 sobre els productes i\/o serveis prestats.<\/p>\n\n\n\n<p id=\"block-673243b1-8500-4b57-bc6d-3c45c3d1f872\">La base jur\u00eddica del tractament \u00e9s l&#8217;inter\u00e8s leg\u00edtim de mantenir informats els seus clients sobre els seus productes i\/o serveis.<\/p>\n\n\n\n<p id=\"block-df013785-4022-4aa3-8b84-9cdabd621bf1\">Durant quant de temps conservarem les vostres dades?<br>Les seves dades seran conservades durant el per\u00edode de vig\u00e8ncia de la relaci\u00f3 entre les parts, una vegada finalitzada, es conservaran, degudament bloquejades, durant tot el temps en qu\u00e8 sigui necess\u00e0ria la seva conservaci\u00f3 per atendre els requeriments legals aplicables. Aquest termini de conservaci\u00f3 es determina sobre la base de la legislaci\u00f3 aplicable en cada moment.<\/p>\n\n\n\n<p id=\"block-885a2d1f-64c7-4407-83a5-2cb1d9081aee\">Quina \u00e9s la legitimaci\u00f3 per al tractament de les vostres dades?<br>La base legal per al tractament de les dades i les cessions \u00e9s l&#8217;exist\u00e8ncia de la relaci\u00f3 mercantil, aix\u00ed com el compliment de les possibles obligacions legals que se&#8217;n deriven.<br>\ufeff<\/p>\n\n\n\n<p id=\"block-5c275ce8-2eb6-42e8-abb7-cf78e1ffddbb\">Amb qui compartirem les vostres dades?<br>Sus datos podr\u00e1n ser comunicados a terceros cuando sea necesario para el correcto desarrollo y control de la relaci\u00f3n entre las partes (por ejemplo, a entidades bancarias) o cuando una ley as\u00ed lo requiera (por ejemplo, a la administraci\u00f3n tributaria).<\/p>\n\n\n\n<p id=\"block-b26cb8b0-28d5-4be8-8f86-27d868f8c73d\">Com protegim les vostres dades?<br>Hemos definido pol\u00edticas de seguridad y procedimientos para garantizar la confidencialidad de tus datos.<\/p>\n\n\n\n<p id=\"block-21fe33d1-ea0a-45ef-b1d6-63a95935e7f1\">Podemos contratar a terceros determinados servicios que pueden suponer el acceso y\/o tratamiento de datos personales, pero, en todo caso, se exige que los terceros cumplan con la legislaci\u00f3n vigente y con nuestras pol\u00edticas de seguridad, debiendo garantizar el uso de la informaci\u00f3n conforme a las instrucciones que les damos y debiendo implantar las medidas t\u00e9cnicas y organizativas apropiadas para garantizar la confidencialidad de la informaci\u00f3n.<\/p>\n\n\n\n<p id=\"block-ed7b4404-abf6-491b-8475-f53db230dc21\">Quins s\u00f3n els vostres drets en mat\u00e8ria de protecci\u00f3 de dades?<br>Dado al reglamento 2016\/679 del parlamento europeo y del consejo de 27 de abril de 2016. Usted tiene reconocidos los derechos de acceso, rectificaci\u00f3n, supresi\u00f3n, oposici\u00f3n, limitaci\u00f3n, portabilidad y el derecho a presentar una reclamaci\u00f3n ante las Autoridades de Control. Los que podr\u00e1 ejercer a trav\u00e9s de correo postal a la direcci\u00f3n Can Mir\u00f3 12 08195 Cerdanyola del Vall\u00e8s o por mail sespai@sespai.com. Mediante solicitud escrita y firmada en la que se contengan los siguientes datos: Nombre y apellidos, domicilio a efectos de notificaciones, junto con prueba v\u00e1lida en derecho, como fotocopia del D.N.I. o equivalente, y la petici\u00f3n en que se concrete la solicitud.<\/p>\n\n\n\n<p>La seva privadesa i seguretat s\u00f3n importants per a nosaltres. A continuaci\u00f3 us expliquem quines dades personals recopilem dels nostres usuaris i com les utilitzem. Cal advertir que aquesta Pol\u00edtica de Privadesa podria variar en funci\u00f3 d&#8217;exig\u00e8ncies legislatives o d&#8217;autoregulaci\u00f3, per la qual cosa s&#8217;aconsella als usuaris que la visitin peri\u00f2dicament<\/p>\n<\/div>\n","protected":false},"excerpt":{"rendered":"<p>Pol\u00edtica de privacitat La seva privadesa i seguretat s\u00f3n importants per a nosaltres. A continuaci\u00f3 us expliquem quines dades personals recopilem dels nostres usuaris i com les utilitzem. Cal advertir que aquesta Pol\u00edtica de Privadesa podria variar en funci\u00f3 d&#8217;exig\u00e8ncies legislatives o d&#8217;autoregulaci\u00f3, per la qual cosa s&#8217;aconsella als usuaris que la visitin peri\u00f2dicament Qui &#8230; <a title=\"Pol\u00edtica de privacidad\" class=\"read-more\" href=\"https:\/\/sespai.com\/ca\/politica-de-privacidad\/\" aria-label=\"M\u00e9s informaci\u00f3 sobre Pol\u00edtica de privacidad\">Read more<\/a><\/p>\n","protected":false},"author":1,"featured_media":0,"parent":0,"menu_order":0,"comment_status":"closed","ping_status":"closed","template":"","meta":{"footnotes":""},"class_list":["post-3","page","type-page","status-publish"],"_links":{"self":[{"href":"https:\/\/sespai.com\/ca\/wp-json\/wp\/v2\/pages\/3","targetHints":{"allow":["GET"]}}],"collection":[{"href":"https:\/\/sespai.com\/ca\/wp-json\/wp\/v2\/pages"}],"about":[{"href":"https:\/\/sespai.com\/ca\/wp-json\/wp\/v2\/types\/page"}],"author":[{"embeddable":true,"href":"https:\/\/sespai.com\/ca\/wp-json\/wp\/v2\/users\/1"}],"replies":[{"embeddable":true,"href":"https:\/\/sespai.com\/ca\/wp-json\/wp\/v2\/comments?post=3"}],"version-history":[{"count":6,"href":"https:\/\/sespai.com\/ca\/wp-json\/wp\/v2\/pages\/3\/revisions"}],"predecessor-version":[{"id":785,"href":"https:\/\/sespai.com\/ca\/wp-json\/wp\/v2\/pages\/3\/revisions\/785"}],"wp:attachment":[{"href":"https:\/\/sespai.com\/ca\/wp-json\/wp\/v2\/media?parent=3"}],"curies":[{"name":"wp","href":"https:\/\/api.w.org\/{rel}","templated":true}]}}