{"id":104,"date":"2019-11-14T11:58:55","date_gmt":"2019-11-14T11:58:55","guid":{"rendered":"https:\/\/sespai.com\/?page_id=104"},"modified":"2026-03-18T12:55:38","modified_gmt":"2026-03-18T12:55:38","slug":"aviso-legal","status":"publish","type":"page","link":"https:\/\/sespai.com\/ca\/aviso-legal\/","title":{"rendered":"Av\u00eds legal"},"content":{"rendered":"\n<div class=\"gb-element-b9241929\">\n<p>Av\u00eds legal<\/p>\n\n\n\n<p>SESPAI t\u00e9 el domicili a Passeig Merla 31 local, Codi Postal 08197 Sant Cugat del Vall\u00e8s. Per a m\u00e9s informaci\u00f3 podeu contactar amb nosaltres a trav\u00e9s del n\u00famero de tel\u00e8fon +34 639 371 468 o b\u00e9 a trav\u00e9s del seg\u00fcent correu electr\u00f2nic; sespai@sespai.com.<\/p>\n\n\n\n<p>Condicions d&#8217;\u00fas<\/p>\n\n\n\n<p>Usuaris<br>El web de SESPAI ha estat dissenyat per donar a con\u00e8ixer als Usuaris en general tant l&#8217;empresa com les seves activitats i serveis. Entenent com a Usuari tota persona que accedeixi o navegui per la nostra p\u00e0gina web.<\/p>\n\n\n\n<p>Acc\u00e9s<br>Amb car\u00e0cter general, els usuaris podran accedir a www.sespai.com de forma lliure i gratu\u00efta. SESPAI podr\u00e0 modificar de forma unilateral i sense av\u00eds previ, la prestaci\u00f3, configuraci\u00f3 i contingut de la p\u00e0gina, aix\u00ed com les condicions d&#8217;\u00fas de la mateixa i l&#8217;acc\u00e9s als serveis prestats.<\/p>\n\n\n\n<p>Copyright<br>Els Drets de Propietat intel\u00b7lectual d&#8217;aquesta web s\u00f3n titularitat de SESPAI Per aix\u00f2, podem alterar en qualsevol moment i sense av\u00eds previ els seus continguts (disseny gr\u00e0fic, preus, textos i codis). La prestaci\u00f3 dels serveis i la publicaci\u00f3 dels continguts de la web no implicaran en cap moment la ren\u00fancia o transmissi\u00f3, total o parcial, dels drets de propietat intel\u00b7lectual i industrial. Per aix\u00f2, qualsevol reproducci\u00f3, distribuci\u00f3, comercialitzaci\u00f3 o transformaci\u00f3 dels continguts de la p\u00e0gina web que no hagi estat expressament autoritzat pels seus titulars constitueix una infracci\u00f3 dels drets de propietat intel\u00b7lectual i industrial protegits per larticle 270 i seg\u00fcents del Codi Penal.<\/p>\n\n\n\n<p>Llei Aplicable i Jurisdicci\u00f3<br>Per a tota q\u00fcesti\u00f3 litigiosa que incumbeixi a www.sespai.com, ser\u00e0 aplicable la legislaci\u00f3 espanyola. Aquestes Condicions d&#8217;\u00das es regeixen pel que disposa la legislaci\u00f3 espanyola. En cas que es produeixi qualsevol discrep\u00e0ncia o controv\u00e8rsia amb motiu de la interpretaci\u00f3 o aplicaci\u00f3 d&#8217;aquestes Condicions d&#8217;\u00das, SESPAI i l&#8217;Usuari, amb ren\u00fancia expressa a qualsevol altre fur que els pugui correspondre, se sotmeten a la jurisdicci\u00f3 dels Jutjats i Tribunals del domicili de l&#8217;Usuari.<\/p>\n\n\n\n<p><\/p>\n\n\n\n<p><\/p>\n<\/div>\n","protected":false},"excerpt":{"rendered":"<p>Av\u00eds legal SESPAI t\u00e9 el domicili a Passeig Merla 31 local, Codi Postal 08197 Sant Cugat del Vall\u00e8s. Per a m\u00e9s informaci\u00f3 podeu contactar amb nosaltres a trav\u00e9s del n\u00famero de tel\u00e8fon +34 639 371 468 o b\u00e9 a trav\u00e9s del seg\u00fcent correu electr\u00f2nic; sespai@sespai.com. Condicions d&#8217;\u00fas UsuarisEl web de SESPAI ha estat dissenyat per &#8230; <a title=\"Av\u00eds legal\" class=\"read-more\" href=\"https:\/\/sespai.com\/ca\/aviso-legal\/\" aria-label=\"M\u00e9s informaci\u00f3 sobre Av\u00eds legal\">Read more<\/a><\/p>\n","protected":false},"author":1,"featured_media":0,"parent":0,"menu_order":0,"comment_status":"closed","ping_status":"closed","template":"","meta":{"footnotes":""},"class_list":["post-104","page","type-page","status-publish"],"_links":{"self":[{"href":"https:\/\/sespai.com\/ca\/wp-json\/wp\/v2\/pages\/104","targetHints":{"allow":["GET"]}}],"collection":[{"href":"https:\/\/sespai.com\/ca\/wp-json\/wp\/v2\/pages"}],"about":[{"href":"https:\/\/sespai.com\/ca\/wp-json\/wp\/v2\/types\/page"}],"author":[{"embeddable":true,"href":"https:\/\/sespai.com\/ca\/wp-json\/wp\/v2\/users\/1"}],"replies":[{"embeddable":true,"href":"https:\/\/sespai.com\/ca\/wp-json\/wp\/v2\/comments?post=104"}],"version-history":[{"count":8,"href":"https:\/\/sespai.com\/ca\/wp-json\/wp\/v2\/pages\/104\/revisions"}],"predecessor-version":[{"id":782,"href":"https:\/\/sespai.com\/ca\/wp-json\/wp\/v2\/pages\/104\/revisions\/782"}],"wp:attachment":[{"href":"https:\/\/sespai.com\/ca\/wp-json\/wp\/v2\/media?parent=104"}],"curies":[{"name":"wp","href":"https:\/\/api.w.org\/{rel}","templated":true}]}}